{"id":1837,"date":"2024-03-07T23:51:43","date_gmt":"2024-03-08T04:51:43","guid":{"rendered":"https:\/\/nasablu.com\/?page_id=1837"},"modified":"2024-06-21T12:04:27","modified_gmt":"2024-06-21T17:04:27","slug":"news","status":"publish","type":"page","link":"https:\/\/nasablu.com\/?page_id=1837","title":{"rendered":"NEWS"},"content":{"rendered":"\t\t<div data-elementor-type=\"wp-page\" data-elementor-id=\"1837\" class=\"elementor elementor-1837\" data-elementor-post-type=\"page\">\n\t\t\t\t\t\t<section class=\"elementor-section elementor-top-section elementor-element elementor-element-ceb24c2 elementor-section-full_width elementor-section-height-min-height elementor-section-height-default elementor-section-items-middle\" data-id=\"ceb24c2\" data-element_type=\"section\" data-settings=\"{&quot;background_background&quot;:&quot;slideshow&quot;,&quot;background_slideshow_gallery&quot;:[{&quot;id&quot;:2412,&quot;url&quot;:&quot;https:\\\/\\\/nasablu.com\\\/wp-content\\\/uploads\\\/2024\\\/05\\\/NASABLU-NEWS-4.png&quot;}],&quot;background_slideshow_loop&quot;:&quot;yes&quot;,&quot;background_slideshow_slide_duration&quot;:5000,&quot;background_slideshow_slide_transition&quot;:&quot;fade&quot;,&quot;background_slideshow_transition_duration&quot;:500}\">\n\t\t\t\t\t\t\t<div class=\"elementor-background-overlay\"><\/div>\n\t\t\t\t\t\t\t<div class=\"elementor-container elementor-column-gap-default\">\n\t\t\t\t\t<div class=\"elementor-column elementor-col-100 elementor-top-column elementor-element elementor-element-f55ce9e\" data-id=\"f55ce9e\" data-element_type=\"column\">\n\t\t\t<div class=\"elementor-widget-wrap\">\n\t\t\t\t\t\t\t<\/div>\n\t\t<\/div>\n\t\t\t\t\t<\/div>\n\t\t<\/section>\n\t\t<div class=\"elementor-element elementor-element-6d96cdf e-flex e-con-boxed elementor-invisible e-con e-parent\" data-id=\"6d96cdf\" data-element_type=\"container\" data-settings=\"{&quot;motion_fx_motion_fx_scrolling&quot;:&quot;yes&quot;,&quot;motion_fx_motion_fx_mouse&quot;:&quot;yes&quot;,&quot;animation&quot;:&quot;fadeIn&quot;,&quot;motion_fx_devices&quot;:[&quot;desktop&quot;,&quot;tablet&quot;,&quot;mobile_extra&quot;,&quot;mobile&quot;]}\">\n\t\t\t\t\t<div class=\"e-con-inner\">\n\t\t\t\t<div class=\"elementor-element elementor-element-ceb2aaf elementor-posts--align-left elementor-widget__width-inherit elementor-grid-3 elementor-grid-tablet-2 elementor-grid-mobile-1 elementor-posts--thumbnail-top elementor-card-shadow-yes elementor-posts__hover-gradient elementor-widget elementor-widget-posts\" data-id=\"ceb2aaf\" data-element_type=\"widget\" data-settings=\"{&quot;pagination_type&quot;:&quot;numbers_and_prev_next&quot;,&quot;cards_row_gap&quot;:{&quot;unit&quot;:&quot;px&quot;,&quot;size&quot;:38,&quot;sizes&quot;:[]},&quot;cards_columns&quot;:&quot;3&quot;,&quot;cards_columns_tablet&quot;:&quot;2&quot;,&quot;cards_columns_mobile&quot;:&quot;1&quot;,&quot;cards_row_gap_tablet&quot;:{&quot;unit&quot;:&quot;px&quot;,&quot;size&quot;:&quot;&quot;,&quot;sizes&quot;:[]},&quot;cards_row_gap_mobile_extra&quot;:{&quot;unit&quot;:&quot;px&quot;,&quot;size&quot;:&quot;&quot;,&quot;sizes&quot;:[]},&quot;cards_row_gap_mobile&quot;:{&quot;unit&quot;:&quot;px&quot;,&quot;size&quot;:&quot;&quot;,&quot;sizes&quot;:[]}}\" data-widget_type=\"posts.cards\">\n\t\t\t\t<div class=\"elementor-widget-container\">\n\t\t\t<link rel=\"stylesheet\" href=\"https:\/\/nasablu.com\/wp-content\/plugins\/pro-elements\/assets\/css\/widget-posts.min.css\">\t\t<div class=\"elementor-posts-container elementor-posts elementor-posts--skin-cards elementor-grid\">\n\t\t\t\t<article class=\"elementor-post elementor-grid-item post-2768 post type-post status-publish format-standard has-post-thumbnail hentry category-sin-categoria tag-maquetas-3d\">\n\t\t\t<div class=\"elementor-post__card\">\n\t\t\t\t<a class=\"elementor-post__thumbnail__link\" href=\"https:\/\/nasablu.com\/?p=2768\" tabindex=\"-1\" ><div class=\"elementor-post__thumbnail\"><img fetchpriority=\"high\" decoding=\"async\" width=\"300\" height=\"209\" src=\"https:\/\/nasablu.com\/wp-content\/uploads\/2024\/11\/MAQUETA-WEB-300x209.jpg\" class=\"attachment-medium size-medium wp-image-2769\" alt=\"\" srcset=\"https:\/\/nasablu.com\/wp-content\/uploads\/2024\/11\/MAQUETA-WEB-300x209.jpg 300w, https:\/\/nasablu.com\/wp-content\/uploads\/2024\/11\/MAQUETA-WEB-1024x713.jpg 1024w, https:\/\/nasablu.com\/wp-content\/uploads\/2024\/11\/MAQUETA-WEB-768x534.jpg 768w, https:\/\/nasablu.com\/wp-content\/uploads\/2024\/11\/MAQUETA-WEB-18x12.jpg 18w, https:\/\/nasablu.com\/wp-content\/uploads\/2024\/11\/MAQUETA-WEB.jpg 1200w\" sizes=\"(max-width: 300px) 100vw, 300px\" \/><\/div><\/a>\n\t\t\t\t<div class=\"elementor-post__badge\">MAQUETAS 3D<\/div>\n\t\t\t\t<div class=\"elementor-post__text\">\n\t\t\t\t<h3 class=\"elementor-post__title\">\n\t\t\t<a href=\"https:\/\/nasablu.com\/?p=2768\" >\n\t\t\t\tMAQUETAS VIRTUALES: SOLUCIONES PARA DAR A CONOCER PROYECTOS INMOBILIARIOS\t\t\t<\/a>\n\t\t<\/h3>\n\t\t\t\t<div class=\"elementor-post__excerpt\">\n\t\t\t<p>Gracias a la tecnolog\u00eda es posible mostrar con detalle y precisi\u00f3n c\u00f3mo ser\u00e1n los espacios, mejorando la experiencia del cliente y facilitando las decisiones de<\/p>\n\t\t<\/div>\n\t\t\t\t\t<div class=\"elementor-post__read-more-wrapper\">\n\t\t\n\t\t<a class=\"elementor-post__read-more\" href=\"https:\/\/nasablu.com\/?p=2768\" aria-label=\"Read more about MAQUETAS VIRTUALES: SOLUCIONES PARA DAR A CONOCER PROYECTOS INMOBILIARIOS\" tabindex=\"-1\" >\n\t\t\tLeer m\u00e1s \u00bb\t\t<\/a>\n\n\t\t\t\t\t<\/div>\n\t\t\t\t<\/div>\n\t\t\t\t<div class=\"elementor-post__meta-data\">\n\t\t\t\t\t<span class=\"elementor-post-date\">\n\t\t\t28 noviembre, 2024\t\t<\/span>\n\t\t\t\t<span class=\"elementor-post-avatar\">\n\t\t\tNo hay comentarios\t\t<\/span>\n\t\t\t\t<\/div>\n\t\t\t\t\t<\/div>\n\t\t<\/article>\n\t\t\t\t<article class=\"elementor-post elementor-grid-item post-2765 post type-post status-publish format-standard has-post-thumbnail hentry category-sin-categoria tag-storytelling\">\n\t\t\t<div class=\"elementor-post__card\">\n\t\t\t\t<a class=\"elementor-post__thumbnail__link\" href=\"https:\/\/nasablu.com\/?p=2765\" tabindex=\"-1\" ><div class=\"elementor-post__thumbnail\"><img decoding=\"async\" width=\"300\" height=\"209\" src=\"https:\/\/nasablu.com\/wp-content\/uploads\/2024\/11\/STORYTELLYNG-WEB-300x209.jpg\" class=\"attachment-medium size-medium wp-image-2766\" alt=\"\" srcset=\"https:\/\/nasablu.com\/wp-content\/uploads\/2024\/11\/STORYTELLYNG-WEB-300x209.jpg 300w, https:\/\/nasablu.com\/wp-content\/uploads\/2024\/11\/STORYTELLYNG-WEB-1024x713.jpg 1024w, https:\/\/nasablu.com\/wp-content\/uploads\/2024\/11\/STORYTELLYNG-WEB-768x534.jpg 768w, https:\/\/nasablu.com\/wp-content\/uploads\/2024\/11\/STORYTELLYNG-WEB-18x12.jpg 18w, https:\/\/nasablu.com\/wp-content\/uploads\/2024\/11\/STORYTELLYNG-WEB.jpg 1200w\" sizes=\"(max-width: 300px) 100vw, 300px\" \/><\/div><\/a>\n\t\t\t\t<div class=\"elementor-post__badge\">STORYTELLING<\/div>\n\t\t\t\t<div class=\"elementor-post__text\">\n\t\t\t\t<h3 class=\"elementor-post__title\">\n\t\t\t<a href=\"https:\/\/nasablu.com\/?p=2765\" >\n\t\t\t\tEL PODER DEL STORYTELLING EN VIDEOS DE EXPECTATIVA INMOBILIARIA: PROYECTOS QUE DESPIERTAN EMOCI\u00d3N\t\t\t<\/a>\n\t\t<\/h3>\n\t\t\t\t<div class=\"elementor-post__excerpt\">\n\t\t\t<p>Crear una conexi\u00f3n emocional con los potenciales compradores es clave. El storytelling permite elaborar historias aut\u00e9nticas que generan inter\u00e9s, compromiso y ventas. En la era<\/p>\n\t\t<\/div>\n\t\t\t\t\t<div class=\"elementor-post__read-more-wrapper\">\n\t\t\n\t\t<a class=\"elementor-post__read-more\" href=\"https:\/\/nasablu.com\/?p=2765\" aria-label=\"Read more about EL PODER DEL STORYTELLING EN VIDEOS DE EXPECTATIVA INMOBILIARIA: PROYECTOS QUE DESPIERTAN EMOCI\u00d3N\" tabindex=\"-1\" >\n\t\t\tLeer m\u00e1s \u00bb\t\t<\/a>\n\n\t\t\t\t\t<\/div>\n\t\t\t\t<\/div>\n\t\t\t\t<div class=\"elementor-post__meta-data\">\n\t\t\t\t\t<span class=\"elementor-post-date\">\n\t\t\t28 noviembre, 2024\t\t<\/span>\n\t\t\t\t<span class=\"elementor-post-avatar\">\n\t\t\tNo hay comentarios\t\t<\/span>\n\t\t\t\t<\/div>\n\t\t\t\t\t<\/div>\n\t\t<\/article>\n\t\t\t\t<article class=\"elementor-post elementor-grid-item post-2757 post type-post status-publish format-standard has-post-thumbnail hentry category-sin-categoria tag-vr-ar\">\n\t\t\t<div class=\"elementor-post__card\">\n\t\t\t\t<a class=\"elementor-post__thumbnail__link\" href=\"https:\/\/nasablu.com\/?p=2757\" tabindex=\"-1\" ><div class=\"elementor-post__thumbnail\"><img decoding=\"async\" width=\"300\" height=\"209\" src=\"https:\/\/nasablu.com\/wp-content\/uploads\/2024\/07\/IMAGEN-BLOG-5-300x209.jpg\" class=\"attachment-medium size-medium wp-image-2758\" alt=\"\" srcset=\"https:\/\/nasablu.com\/wp-content\/uploads\/2024\/07\/IMAGEN-BLOG-5-300x209.jpg 300w, https:\/\/nasablu.com\/wp-content\/uploads\/2024\/07\/IMAGEN-BLOG-5-1024x713.jpg 1024w, https:\/\/nasablu.com\/wp-content\/uploads\/2024\/07\/IMAGEN-BLOG-5-768x534.jpg 768w, https:\/\/nasablu.com\/wp-content\/uploads\/2024\/07\/IMAGEN-BLOG-5-18x12.jpg 18w, https:\/\/nasablu.com\/wp-content\/uploads\/2024\/07\/IMAGEN-BLOG-5.jpg 1200w\" sizes=\"(max-width: 300px) 100vw, 300px\" \/><\/div><\/a>\n\t\t\t\t<div class=\"elementor-post__badge\">VR \/ AR<\/div>\n\t\t\t\t<div class=\"elementor-post__text\">\n\t\t\t\t<h3 class=\"elementor-post__title\">\n\t\t\t<a href=\"https:\/\/nasablu.com\/?p=2757\" >\n\t\t\t\tEL FUTURO DE LAS TECNOLOG\u00cdAS INMERSIVAS: REALIDAD VIRTUAL Y REALIDAD AUMENTADA\t\t\t<\/a>\n\t\t<\/h3>\n\t\t\t\t<div class=\"elementor-post__excerpt\">\n\t\t\t<p>Estamos siendo testigos de una gran evoluci\u00f3n digital que est\u00e1 transformando la forma en la que interactuamos con el mundo real y virtual. Las tecnolog\u00edas<\/p>\n\t\t<\/div>\n\t\t\t\t\t<div class=\"elementor-post__read-more-wrapper\">\n\t\t\n\t\t<a class=\"elementor-post__read-more\" href=\"https:\/\/nasablu.com\/?p=2757\" aria-label=\"Read more about EL FUTURO DE LAS TECNOLOG\u00cdAS INMERSIVAS: REALIDAD VIRTUAL Y REALIDAD AUMENTADA\" tabindex=\"-1\" >\n\t\t\tLeer m\u00e1s \u00bb\t\t<\/a>\n\n\t\t\t\t\t<\/div>\n\t\t\t\t<\/div>\n\t\t\t\t<div class=\"elementor-post__meta-data\">\n\t\t\t\t\t<span class=\"elementor-post-date\">\n\t\t\t17 julio, 2024\t\t<\/span>\n\t\t\t\t<span class=\"elementor-post-avatar\">\n\t\t\tNo hay comentarios\t\t<\/span>\n\t\t\t\t<\/div>\n\t\t\t\t\t<\/div>\n\t\t<\/article>\n\t\t\t\t<article class=\"elementor-post elementor-grid-item post-2752 post type-post status-publish format-standard has-post-thumbnail hentry category-ar tag-ar\">\n\t\t\t<div class=\"elementor-post__card\">\n\t\t\t\t<a class=\"elementor-post__thumbnail__link\" href=\"https:\/\/nasablu.com\/?p=2752\" tabindex=\"-1\" ><div class=\"elementor-post__thumbnail\"><img loading=\"lazy\" decoding=\"async\" width=\"300\" height=\"209\" src=\"https:\/\/nasablu.com\/wp-content\/uploads\/2024\/07\/IMAGEN-BLOG4-1-300x209.jpg\" class=\"attachment-medium size-medium wp-image-2755\" alt=\"\" srcset=\"https:\/\/nasablu.com\/wp-content\/uploads\/2024\/07\/IMAGEN-BLOG4-1-300x209.jpg 300w, https:\/\/nasablu.com\/wp-content\/uploads\/2024\/07\/IMAGEN-BLOG4-1-1024x713.jpg 1024w, https:\/\/nasablu.com\/wp-content\/uploads\/2024\/07\/IMAGEN-BLOG4-1-768x534.jpg 768w, https:\/\/nasablu.com\/wp-content\/uploads\/2024\/07\/IMAGEN-BLOG4-1-18x12.jpg 18w, https:\/\/nasablu.com\/wp-content\/uploads\/2024\/07\/IMAGEN-BLOG4-1.jpg 1200w\" sizes=\"(max-width: 300px) 100vw, 300px\" \/><\/div><\/a>\n\t\t\t\t<div class=\"elementor-post__badge\">AR<\/div>\n\t\t\t\t<div class=\"elementor-post__text\">\n\t\t\t\t<h3 class=\"elementor-post__title\">\n\t\t\t<a href=\"https:\/\/nasablu.com\/?p=2752\" >\n\t\t\t\tUSOS DE LA REALIDAD AUMENTADA EN PROYECTOS INMOBILIARIOS\t\t\t<\/a>\n\t\t<\/h3>\n\t\t\t\t<div class=\"elementor-post__excerpt\">\n\t\t\t<p>Las herramientas tecnol\u00f3gicas logran llevar a otro nivel la construcci\u00f3n y venta de inmuebles. \u00bfQu\u00e9 tal poder recorrer el inmueble so\u00f1ado desde antes de que<\/p>\n\t\t<\/div>\n\t\t\t\t\t<div class=\"elementor-post__read-more-wrapper\">\n\t\t\n\t\t<a class=\"elementor-post__read-more\" href=\"https:\/\/nasablu.com\/?p=2752\" aria-label=\"Read more about USOS DE LA REALIDAD AUMENTADA EN PROYECTOS INMOBILIARIOS\" tabindex=\"-1\" >\n\t\t\tLeer m\u00e1s \u00bb\t\t<\/a>\n\n\t\t\t\t\t<\/div>\n\t\t\t\t<\/div>\n\t\t\t\t<div class=\"elementor-post__meta-data\">\n\t\t\t\t\t<span class=\"elementor-post-date\">\n\t\t\t17 julio, 2024\t\t<\/span>\n\t\t\t\t<span class=\"elementor-post-avatar\">\n\t\t\tNo hay comentarios\t\t<\/span>\n\t\t\t\t<\/div>\n\t\t\t\t\t<\/div>\n\t\t<\/article>\n\t\t\t\t<article class=\"elementor-post elementor-grid-item post-2506 post type-post status-publish format-standard has-post-thumbnail hentry category-vr-realidad-virtual tag-vr\">\n\t\t\t<div class=\"elementor-post__card\">\n\t\t\t\t<a class=\"elementor-post__thumbnail__link\" href=\"https:\/\/nasablu.com\/?p=2506\" tabindex=\"-1\" ><div class=\"elementor-post__thumbnail\"><img loading=\"lazy\" decoding=\"async\" width=\"300\" height=\"209\" src=\"https:\/\/nasablu.com\/wp-content\/uploads\/2024\/06\/BLOG-3-300x209.jpg\" class=\"attachment-medium size-medium wp-image-2508\" alt=\"\" srcset=\"https:\/\/nasablu.com\/wp-content\/uploads\/2024\/06\/BLOG-3-300x209.jpg 300w, https:\/\/nasablu.com\/wp-content\/uploads\/2024\/06\/BLOG-3-1024x713.jpg 1024w, https:\/\/nasablu.com\/wp-content\/uploads\/2024\/06\/BLOG-3-768x534.jpg 768w, https:\/\/nasablu.com\/wp-content\/uploads\/2024\/06\/BLOG-3.jpg 1200w\" sizes=\"(max-width: 300px) 100vw, 300px\" \/><\/div><\/a>\n\t\t\t\t<div class=\"elementor-post__badge\">VR<\/div>\n\t\t\t\t<div class=\"elementor-post__text\">\n\t\t\t\t<h3 class=\"elementor-post__title\">\n\t\t\t<a href=\"https:\/\/nasablu.com\/?p=2506\" >\n\t\t\t\tREALIDAD VIRTUAL: M\u00c1S ALL\u00c1 DE LOS VIDEOJUEGOS Y LA CIENCIA FICCI\u00d3N\t\t\t<\/a>\n\t\t<\/h3>\n\t\t\t\t<div class=\"elementor-post__excerpt\">\n\t\t\t<p>La creaci\u00f3n de simulaciones en donde los usuarios pueden vivir una verdadera experiencia inmersiva, poco a poco pasa de ser una idea a algo que<\/p>\n\t\t<\/div>\n\t\t\t\t\t<div class=\"elementor-post__read-more-wrapper\">\n\t\t\n\t\t<a class=\"elementor-post__read-more\" href=\"https:\/\/nasablu.com\/?p=2506\" aria-label=\"Read more about REALIDAD VIRTUAL: M\u00c1S ALL\u00c1 DE LOS VIDEOJUEGOS Y LA CIENCIA FICCI\u00d3N\" tabindex=\"-1\" >\n\t\t\tLeer m\u00e1s \u00bb\t\t<\/a>\n\n\t\t\t\t\t<\/div>\n\t\t\t\t<\/div>\n\t\t\t\t<div class=\"elementor-post__meta-data\">\n\t\t\t\t\t<span class=\"elementor-post-date\">\n\t\t\t13 junio, 2024\t\t<\/span>\n\t\t\t\t<span class=\"elementor-post-avatar\">\n\t\t\tNo hay comentarios\t\t<\/span>\n\t\t\t\t<\/div>\n\t\t\t\t\t<\/div>\n\t\t<\/article>\n\t\t\t\t<article class=\"elementor-post elementor-grid-item post-2403 post type-post status-publish format-standard has-post-thumbnail hentry category-sin-categoria tag-recorrido-virtual\">\n\t\t\t<div class=\"elementor-post__card\">\n\t\t\t\t<a class=\"elementor-post__thumbnail__link\" href=\"https:\/\/nasablu.com\/?p=2403\" tabindex=\"-1\" ><div class=\"elementor-post__thumbnail\"><img loading=\"lazy\" decoding=\"async\" width=\"300\" height=\"209\" src=\"https:\/\/nasablu.com\/wp-content\/uploads\/2024\/05\/BLOG2-300x209.png\" class=\"attachment-medium size-medium wp-image-2410\" alt=\"\" srcset=\"https:\/\/nasablu.com\/wp-content\/uploads\/2024\/05\/BLOG2-300x209.png 300w, https:\/\/nasablu.com\/wp-content\/uploads\/2024\/05\/BLOG2-1024x713.png 1024w, https:\/\/nasablu.com\/wp-content\/uploads\/2024\/05\/BLOG2-768x535.png 768w, https:\/\/nasablu.com\/wp-content\/uploads\/2024\/05\/BLOG2-1536x1070.png 1536w, https:\/\/nasablu.com\/wp-content\/uploads\/2024\/05\/BLOG2-2048x1426.png 2048w\" sizes=\"(max-width: 300px) 100vw, 300px\" \/><\/div><\/a>\n\t\t\t\t<div class=\"elementor-post__badge\">RECORRIDO VIRTUAL<\/div>\n\t\t\t\t<div class=\"elementor-post__text\">\n\t\t\t\t<h3 class=\"elementor-post__title\">\n\t\t\t<a href=\"https:\/\/nasablu.com\/?p=2403\" >\n\t\t\t\tRECORRIDO VIRTUAL: CREACI\u00d3N DE PROYECTOS INMOBILIARIOS, ESPACIOS COMERCIALES Y MUESTRAS CULTURALES\t\t\t<\/a>\n\t\t<\/h3>\n\t\t\t\t<div class=\"elementor-post__excerpt\">\n\t\t\t<p>Ahora es posible recorrer una casa o apartamento modelo, estar en una galer\u00eda de arte o una tienda de ropa&nbsp; de manera virtual y desde<\/p>\n\t\t<\/div>\n\t\t\t\t\t<div class=\"elementor-post__read-more-wrapper\">\n\t\t\n\t\t<a class=\"elementor-post__read-more\" href=\"https:\/\/nasablu.com\/?p=2403\" aria-label=\"Read more about RECORRIDO VIRTUAL: CREACI\u00d3N DE PROYECTOS INMOBILIARIOS, ESPACIOS COMERCIALES Y MUESTRAS CULTURALES\" tabindex=\"-1\" >\n\t\t\tLeer m\u00e1s \u00bb\t\t<\/a>\n\n\t\t\t\t\t<\/div>\n\t\t\t\t<\/div>\n\t\t\t\t<div class=\"elementor-post__meta-data\">\n\t\t\t\t\t<span class=\"elementor-post-date\">\n\t\t\t31 mayo, 2024\t\t<\/span>\n\t\t\t\t<span class=\"elementor-post-avatar\">\n\t\t\tNo hay comentarios\t\t<\/span>\n\t\t\t\t<\/div>\n\t\t\t\t\t<\/div>\n\t\t<\/article>\n\t\t\t\t<\/div>\n\t\t\n\t\t\t\t<div class=\"e-load-more-anchor\" data-page=\"1\" data-max-page=\"2\" data-next-page=\"https:\/\/nasablu.com\/index.php?rest_route=%2Fwp%2Fv2%2Fpages%2F1837&#038;paged=2\"><\/div>\n\t\t\t\t<nav class=\"elementor-pagination\" aria-label=\"Pagination\">\n\t\t\t<span class=\"page-numbers prev\">&laquo; Anterior<\/span>\n<span aria-current=\"page\" class=\"page-numbers current\"><span class=\"elementor-screen-only\">Page<\/span>1<\/span>\n<a class=\"page-numbers\" href=\"https:\/\/nasablu.com\/index.php\/?paged=2\"><span class=\"elementor-screen-only\">Page<\/span>2<\/a>\n<a class=\"page-numbers next\" href=\"https:\/\/nasablu.com\/index.php?rest_route=%2Fwp%2Fv2%2Fpages%2F1837&#038;paged=2\">Siguiente &raquo;<\/a>\t\t<\/nav>\n\t\t\t\t<\/div>\n\t\t\t\t<\/div>\n\t\t\t\t\t<\/div>\n\t\t\t\t<\/div>\n\t\t\t\t<\/div>\n\t\t","protected":false},"excerpt":{"rendered":"","protected":false},"author":1,"featured_media":0,"parent":0,"menu_order":0,"comment_status":"closed","ping_status":"closed","template":"","meta":{"footnotes":""},"class_list":["post-1837","page","type-page","status-publish","hentry"],"_links":{"self":[{"href":"https:\/\/nasablu.com\/index.php?rest_route=\/wp\/v2\/pages\/1837","targetHints":{"allow":["GET"]}}],"collection":[{"href":"https:\/\/nasablu.com\/index.php?rest_route=\/wp\/v2\/pages"}],"about":[{"href":"https:\/\/nasablu.com\/index.php?rest_route=\/wp\/v2\/types\/page"}],"author":[{"embeddable":true,"href":"https:\/\/nasablu.com\/index.php?rest_route=\/wp\/v2\/users\/1"}],"replies":[{"embeddable":true,"href":"https:\/\/nasablu.com\/index.php?rest_route=%2Fwp%2Fv2%2Fcomments&post=1837"}],"version-history":[{"count":112,"href":"https:\/\/nasablu.com\/index.php?rest_route=\/wp\/v2\/pages\/1837\/revisions"}],"predecessor-version":[{"id":2712,"href":"https:\/\/nasablu.com\/index.php?rest_route=\/wp\/v2\/pages\/1837\/revisions\/2712"}],"wp:attachment":[{"href":"https:\/\/nasablu.com\/index.php?rest_route=%2Fwp%2Fv2%2Fmedia&parent=1837"}],"curies":[{"name":"wp","href":"https:\/\/api.w.org\/{rel}","templated":true}]}}